{"id":13332,"date":"2022-12-14T00:15:39","date_gmt":"2022-12-14T00:15:39","guid":{"rendered":"https:\/\/b-kaind.com\/area-clientes\/"},"modified":"2025-07-24T10:07:47","modified_gmt":"2025-07-24T10:07:47","slug":"area-clientes","status":"publish","type":"page","link":"https:\/\/b-kaind.com\/en\/client-login\/","title":{"rendered":"Client Login"},"content":{"rendered":"\t\t<div data-elementor-type=\"wp-page\" data-elementor-id=\"13332\" class=\"elementor elementor-13332 elementor-18\" data-elementor-post-type=\"page\">\n\t\t\t\t\t\t<section class=\"elementor-section elementor-top-section elementor-element elementor-element-d012e18 elementor-section-full_width elementor-section-stretched elementor-section-height-default elementor-section-height-default\" data-id=\"d012e18\" data-element_type=\"section\" data-settings=\"{&quot;stretch_section&quot;:&quot;section-stretched&quot;}\">\n\t\t\t\t\t\t<div class=\"elementor-container elementor-column-gap-no\">\n\t\t\t\t\t<div class=\"elementor-column elementor-col-100 elementor-top-column elementor-element elementor-element-23d7caf\" data-id=\"23d7caf\" data-element_type=\"column\">\n\t\t\t<div class=\"elementor-widget-wrap elementor-element-populated\">\n\t\t\t\t\t\t<div class=\"elementor-element elementor-element-e2c855b elementor-widget elementor-widget-agencium_content_slider\" data-id=\"e2c855b\" data-element_type=\"widget\" data-widget_type=\"agencium_content_slider.default\">\n\t\t\t\t<div class=\"elementor-widget-container\">\n\t\t\t\n        <div class=\"agencium-content-slider-widget\">\n            <div class=\"content-slider-wrapper\">\n\n                <div class=\"content-slider-container\">\n                    <div class=\"content-slider owl-carousel owl-theme\" data-slider-options=\"{&quot;items&quot;:1,&quot;nav&quot;:false,&quot;dots&quot;:true,&quot;dotsContainer&quot;:&quot;.slider-dots&quot;,&quot;autoplayHoverPause&quot;:true,&quot;autoplay&quot;:false,&quot;autoplaySpeed&quot;:5000,&quot;autoplayTimeout&quot;:5000,&quot;loop&quot;:true,&quot;dragEndSpeed&quot;:1200,&quot;navSpeed&quot;:1200,&quot;dotsSpeed&quot;:1200,&quot;rtl&quot;:false,&quot;pullDrag&quot;:false,&quot;freeDrag&quot;:false,&quot;callbacks&quot;:false}\">\n                        <div class=\"content-item slider-item elementor-repeater-item-5a2ee63 content-position-flex-end content-view-column\"><div class=\"elementor-section elementor-section-boxed\"><div class=\"elementor-container elementor-column-gap-extended\"><div class=\"elementor-column elementor-col-100\"><div class=\"elementor-widget-wrap\"><div class=\"elementor-element\"><div class=\"slide-content\"><div class=\"slide-content-column\"><h1 class=\"content-slider-item-heading agencium-content-wrapper-1\">Customer <em>Area<\/em><\/h1><\/div><div class=\"slide-image-column\"><div class=\"slide-image-wrapper\"><div class=\"additional-image\"><img fetchpriority=\"high\" decoding=\"async\" width=\"482\" height=\"486\" src=\"https:\/\/b-kaind.com\/wp-content\/uploads\/2023\/08\/home3-slide2-img.png\" class=\"attachment-full size-full\" alt=\"\" srcset=\"https:\/\/b-kaind.com\/wp-content\/uploads\/2023\/08\/home3-slide2-img.png 482w, https:\/\/b-kaind.com\/wp-content\/uploads\/2023\/08\/home3-slide2-img-150x150.png 150w\" sizes=\"(max-width: 482px) 100vw, 482px\" \/><\/div><\/div><\/div><\/div><\/div><\/div><\/div><\/div><\/div><\/div>                    <\/div>\n\n                    <div class=\"elementor-section elementor-section-boxed\"><div class=\"elementor-container elementor-column-gap-default\"><div class=\"elementor-column elementor-col-100\"><div class=\"elementor-widget-wrap\"><div class=\"elementor-element\"><div class=\"slider-dots\"><\/div><\/div><\/div><\/div><\/div><\/div>                <\/div>\n\n            <\/div>\n        <\/div>\n        \t\t<\/div>\n\t\t\t\t<\/div>\n\t\t\t\t\t<\/div>\n\t\t<\/div>\n\t\t\t\t\t<\/div>\n\t\t<\/section>\n\t\t\t\t<section class=\"elementor-section elementor-top-section elementor-element elementor-element-cc980ba elementor-section-boxed elementor-section-height-default elementor-section-height-default\" data-id=\"cc980ba\" data-element_type=\"section\">\n\t\t\t\t\t\t<div class=\"elementor-container elementor-column-gap-default\">\n\t\t\t\t\t<div class=\"elementor-column elementor-col-100 elementor-top-column elementor-element elementor-element-65b3e88\" data-id=\"65b3e88\" data-element_type=\"column\">\n\t\t\t<div class=\"elementor-widget-wrap elementor-element-populated\">\n\t\t\t\t\t\t<div class=\"elementor-element elementor-element-c9c8521 elementor-widget elementor-widget-agencium_steps\" data-id=\"c9c8521\" data-element_type=\"widget\" data-widget_type=\"agencium_steps.default\">\n\t\t\t\t<div class=\"elementor-widget-container\">\n\t\t\t\n        <div class=\"agencium-steps-widget\">\n\n            <div class=\"steps-slider owl-carousel owl-theme\" data-slider-options=\"{&quot;autoHeight&quot;:false,&quot;items&quot;:3,&quot;nav&quot;:false,&quot;dots&quot;:true,&quot;autoplayHoverPause&quot;:true,&quot;autoplay&quot;:true,&quot;autoplaySpeed&quot;:300,&quot;autoplayTimeout&quot;:5000,&quot;loop&quot;:false,&quot;dragEndSpeed&quot;:500,&quot;navSpeed&quot;:500,&quot;dotsSpeed&quot;:500,&quot;rtl&quot;:false,&quot;dotsEach&quot;:1}\">\n                <div class=\"step-item slider-item\"><div class=\"step-number\">01<\/div><div class=\"step-title\"><a href=\"https:\/\/a3doc.wolterskluwer.es\/sign-in\" target=\"_blank\">Document Management<\/a><\/div><\/div><div class=\"step-item slider-item\"><div class=\"step-number\">02<\/div><div class=\"step-title\"><a href=\"https:\/\/a3innuva-portalempleado.wolterskluwer.es\/sign-in\" target=\"_blank\">Employee Portal<\/a><\/div><div class=\"step-description\">Employee Login<\/div><\/div><div class=\"step-item slider-item\"><div class=\"step-number\">03<\/div><div class=\"step-title\"><a href=\"https:\/\/bkaind.fandit.es\/subvenciones\" target=\"_blank\">Grants Portal<\/a><\/div><\/div>            <\/div>\n\n        <\/div>\n\n        \t\t<\/div>\n\t\t\t\t<\/div>\n\t\t\t\t\t<\/div>\n\t\t<\/div>\n\t\t\t\t\t<\/div>\n\t\t<\/section>\n\t\t\t\t<section class=\"elementor-section elementor-top-section elementor-element elementor-element-1c66b3c elementor-section-stretched elementor-section-boxed elementor-section-height-default elementor-section-height-default\" data-id=\"1c66b3c\" data-element_type=\"section\" data-settings=\"{&quot;stretch_section&quot;:&quot;section-stretched&quot;}\">\n\t\t\t\t\t\t<div class=\"elementor-container elementor-column-gap-no\">\n\t\t\t\t\t<div class=\"elementor-column elementor-col-100 elementor-top-column elementor-element elementor-element-5bdd972\" data-id=\"5bdd972\" data-element_type=\"column\" data-settings=\"{&quot;background_background&quot;:&quot;classic&quot;}\">\n\t\t\t<div class=\"elementor-widget-wrap elementor-element-populated\">\n\t\t\t\t\t<div class=\"elementor-background-overlay\"><\/div>\n\t\t\t\t\t\t<section class=\"elementor-section elementor-inner-section elementor-element elementor-element-01c5608 elementor-section-boxed elementor-section-height-default elementor-section-height-default\" data-id=\"01c5608\" data-element_type=\"section\">\n\t\t\t\t\t\t<div class=\"elementor-container elementor-column-gap-no\">\n\t\t\t\t\t<div class=\"elementor-column elementor-col-50 elementor-inner-column elementor-element elementor-element-18ec4e8\" data-id=\"18ec4e8\" data-element_type=\"column\">\n\t\t\t<div class=\"elementor-widget-wrap elementor-element-populated\">\n\t\t\t\t\t\t<div class=\"elementor-element elementor-element-fdb2c3b elementor-widget elementor-widget-heading\" data-id=\"fdb2c3b\" data-element_type=\"widget\" data-widget_type=\"heading.default\">\n\t\t\t\t<div class=\"elementor-widget-container\">\n\t\t\t<h2 class=\"elementor-heading-title elementor-size-default\">Technical Support\n<\/h2>\t\t<\/div>\n\t\t\t\t<\/div>\n\t\t\t\t<div class=\"elementor-element elementor-element-5b5efb0 elementor-widget elementor-widget-agencium_button\" data-id=\"5b5efb0\" data-element_type=\"widget\" data-widget_type=\"agencium_button.default\">\n\t\t\t\t<div class=\"elementor-widget-container\">\n\t\t\t\n        <div class=\"button-widget\">\n            <div class=\"button-container\">\n                <a class=\"agencium-button\" href=\"https:\/\/soporte.dataway.es\/support\/home\" target=\"_blank\">\n                    IT Support Portal                <\/a>\n            <\/div>\n        <\/div>\n        \t\t<\/div>\n\t\t\t\t<\/div>\n\t\t\t\t<div class=\"elementor-element elementor-element-9dd0954 elementor-widget elementor-widget-agencium_button\" data-id=\"9dd0954\" data-element_type=\"widget\" data-widget_type=\"agencium_button.default\">\n\t\t\t\t<div class=\"elementor-widget-container\">\n\t\t\t\n        <div class=\"button-widget\">\n            <div class=\"button-container\">\n                <a class=\"agencium-button\" href=\"https:\/\/www.startcontrol.com\/Dataway\" target=\"_blank\">\n                    Remote IT Helpdesk                <\/a>\n            <\/div>\n        <\/div>\n        \t\t<\/div>\n\t\t\t\t<\/div>\n\t\t\t\t\t<\/div>\n\t\t<\/div>\n\t\t\t\t<div class=\"elementor-column elementor-col-50 elementor-inner-column elementor-element elementor-element-0e833e2\" data-id=\"0e833e2\" data-element_type=\"column\">\n\t\t\t<div class=\"elementor-widget-wrap elementor-element-populated\">\n\t\t\t\t\t\t<div class=\"elementor-element elementor-element-6d82ea6 elementor-widget elementor-widget-image\" data-id=\"6d82ea6\" data-element_type=\"widget\" data-widget_type=\"image.default\">\n\t\t\t\t<div class=\"elementor-widget-container\">\n\t\t\t\t\t\t\t\t\t\t\t\t\t<img decoding=\"async\" width=\"512\" height=\"512\" src=\"https:\/\/b-kaind.com\/wp-content\/uploads\/2024\/07\/Logo-2-1.png\" class=\"attachment-large size-large wp-image-7704\" alt=\"\" srcset=\"https:\/\/b-kaind.com\/wp-content\/uploads\/2024\/07\/Logo-2-1.png 512w, https:\/\/b-kaind.com\/wp-content\/uploads\/2024\/07\/Logo-2-1-300x300.png 300w, https:\/\/b-kaind.com\/wp-content\/uploads\/2024\/07\/Logo-2-1-150x150.png 150w, https:\/\/b-kaind.com\/wp-content\/uploads\/2024\/07\/Logo-2-1-480x480.png 480w\" sizes=\"(max-width: 512px) 100vw, 512px\" \/>\t\t\t\t\t\t\t\t\t\t\t\t\t<\/div>\n\t\t\t\t<\/div>\n\t\t\t\t\t<\/div>\n\t\t<\/div>\n\t\t\t\t\t<\/div>\n\t\t<\/section>\n\t\t\t\t\t<\/div>\n\t\t<\/div>\n\t\t\t\t\t<\/div>\n\t\t<\/section>\n\t\t\t\t<section class=\"elementor-section elementor-top-section elementor-element elementor-element-989eda5 elementor-section-boxed elementor-section-height-default elementor-section-height-default\" data-id=\"989eda5\" data-element_type=\"section\">\n\t\t\t\t\t\t<div class=\"elementor-container elementor-column-gap-default\">\n\t\t\t\t\t<div class=\"elementor-column elementor-col-100 elementor-top-column elementor-element elementor-element-91c1909\" data-id=\"91c1909\" data-element_type=\"column\">\n\t\t\t<div class=\"elementor-widget-wrap elementor-element-populated\">\n\t\t\t\t\t\t<div class=\"elementor-element elementor-element-6f69cfd elementor-widget__width-initial elementor-widget elementor-widget-text-editor\" data-id=\"6f69cfd\" data-element_type=\"widget\" data-widget_type=\"text-editor.default\">\n\t\t\t\t<div class=\"elementor-widget-container\">\n\t\t\t\t\t\t\t<p style=\"text-align: center;\">Don&#8217;t have an account?<\/p><p style=\"text-align: center;\"><strong>Give us your details and we will contact you as soon as possible.<\/strong><\/p>\t\t\t\t\t\t<\/div>\n\t\t\t\t<\/div>\n\t\t\t\t<div class=\"elementor-element elementor-element-0039ecf elementor-widget__width-initial elementor-button-align-stretch elementor-widget elementor-widget-form\" data-id=\"0039ecf\" data-element_type=\"widget\" data-settings=\"{&quot;step_next_label&quot;:&quot;Next&quot;,&quot;step_previous_label&quot;:&quot;Previous&quot;,&quot;button_width&quot;:&quot;100&quot;,&quot;step_type&quot;:&quot;number_text&quot;,&quot;step_icon_shape&quot;:&quot;circle&quot;}\" data-widget_type=\"form.default\">\n\t\t\t\t<div class=\"elementor-widget-container\">\n\t\t\t\t\t<form class=\"elementor-form\" method=\"post\" name=\"New Form\">\n\t\t\t<input type=\"hidden\" name=\"post_id\" value=\"13332\"\/>\n\t\t\t<input type=\"hidden\" name=\"form_id\" value=\"0039ecf\"\/>\n\t\t\t<input type=\"hidden\" name=\"referer_title\" value=\"B-Kaind\" \/>\n\n\t\t\t\n\t\t\t<div class=\"elementor-form-fields-wrapper elementor-labels-above\">\n\t\t\t\t\t\t\t\t<div class=\"elementor-field-type-text elementor-field-group elementor-column elementor-field-group-name elementor-col-100 elementor-field-required\">\n\t\t\t\t\t\t\t\t\t\t\t\t<label for=\"form-field-name\" class=\"elementor-field-label\">\n\t\t\t\t\t\t\t\tNombre\t\t\t\t\t\t\t<\/label>\n\t\t\t\t\t\t\t\t\t\t\t\t\t\t<input size=\"1\" type=\"text\" name=\"form_fields[name]\" id=\"form-field-name\" class=\"elementor-field elementor-size-sm  elementor-field-textual\" required=\"required\" aria-required=\"true\">\n\t\t\t\t\t\t\t\t\t\t\t<\/div>\n\t\t\t\t\t\t\t\t<div class=\"elementor-field-type-text elementor-field-group elementor-column elementor-field-group-field_1d96e12 elementor-col-100 elementor-field-required\">\n\t\t\t\t\t\t\t\t\t\t\t\t<label for=\"form-field-field_1d96e12\" class=\"elementor-field-label\">\n\t\t\t\t\t\t\t\tApellidos\t\t\t\t\t\t\t<\/label>\n\t\t\t\t\t\t\t\t\t\t\t\t\t\t<input size=\"1\" type=\"text\" name=\"form_fields[field_1d96e12]\" id=\"form-field-field_1d96e12\" class=\"elementor-field elementor-size-sm  elementor-field-textual\" required=\"required\" aria-required=\"true\">\n\t\t\t\t\t\t\t\t\t\t\t<\/div>\n\t\t\t\t\t\t\t\t<div class=\"elementor-field-type-email elementor-field-group elementor-column elementor-field-group-email elementor-col-100 elementor-field-required\">\n\t\t\t\t\t\t\t\t\t\t\t\t<label for=\"form-field-email\" class=\"elementor-field-label\">\n\t\t\t\t\t\t\t\tEmail\t\t\t\t\t\t\t<\/label>\n\t\t\t\t\t\t\t\t\t\t\t\t\t\t<input size=\"1\" type=\"email\" name=\"form_fields[email]\" id=\"form-field-email\" class=\"elementor-field elementor-size-sm  elementor-field-textual\" required=\"required\" aria-required=\"true\">\n\t\t\t\t\t\t\t\t\t\t\t<\/div>\n\t\t\t\t\t\t\t\t<div class=\"elementor-field-type-acceptance elementor-field-group elementor-column elementor-field-group-field_9e69878 elementor-col-100 elementor-field-required\">\n\t\t\t\t\t\t\t<div class=\"elementor-field-subgroup\">\n\t\t\t<span class=\"elementor-field-option\">\n\t\t\t\t<input type=\"checkbox\" name=\"form_fields[field_9e69878]\" id=\"form-field-field_9e69878\" class=\"elementor-field elementor-size-sm  elementor-acceptance-field\" required=\"required\" aria-required=\"true\">\n\t\t\t\t<label for=\"form-field-field_9e69878\">Acepto la pol\u00edtica privacidad de la web<\/label>\t\t\t<\/span>\n\t\t<\/div>\n\t\t\t\t\t\t<\/div>\n\t\t\t\t\t\t\t\t<div class=\"elementor-field-type-html elementor-field-group elementor-column elementor-field-group-field_215ce46 elementor-col-100\">\n\t\t\t\t\t<p>De conformidad con lo establecido en la Ley Org\u00e1nica 3\/2018, de 5 de diciembre, de Protecci\u00f3n de Datos Personales y garant\u00eda de los derechos digitales, y el Reglamento (UE) 2016\/679 del Parlamento Europeo y del Consejo de 27 de abril de 2016 (RGPD), b-kaind informa a los usuarios que los datos personales recabados a trav\u00e9s de este formulario ser\u00e1n tratados con la m\u00e1xima confidencialidad y protecci\u00f3n.<\/p<>\t\t\t\t<\/div>\n\t\t\t\t\t\t\t\t<div class=\"elementor-field-group elementor-column elementor-field-type-submit elementor-col-100 e-form__buttons\">\n\t\t\t\t\t<button class=\"elementor-button elementor-size-sm\" type=\"submit\">\n\t\t\t\t\t\t<span class=\"elementor-button-content-wrapper\">\n\t\t\t\t\t\t\t\t\t\t\t\t\t\t\t\t\t\t\t\t\t\t<span class=\"elementor-button-text\">Enviar<\/span>\n\t\t\t\t\t\t\t\t\t\t\t\t\t<\/span>\n\t\t\t\t\t<\/button>\n\t\t\t\t<\/div>\n\t\t\t<\/div>\n\t\t<\/form>\n\t\t\t\t<\/div>\n\t\t\t\t<\/div>\n\t\t\t\t\t<\/div>\n\t\t<\/div>\n\t\t\t\t\t<\/div>\n\t\t<\/section>\n\t\t\t\t<\/div>\n\t\t","protected":false},"excerpt":{"rendered":"<p>Technical Support Don&#8217;t have an account? Give us your details and we will contact you as soon as possible.<\/p>\n","protected":false},"author":1,"featured_media":0,"parent":0,"menu_order":0,"comment_status":"closed","ping_status":"closed","template":"elementor_header_footer","meta":{"_acf_changed":false,"footnotes":""},"acf":[],"yoast_head":"<!-- This site is optimized with the Yoast SEO plugin v23.2 - https:\/\/yoast.com\/wordpress\/plugins\/seo\/ -->\n<title>Client Login - B-Kaind<\/title>\n<meta name=\"description\" content=\"Access the B-kaind Client Area. Document management | Employee portal | Subsidies portal | Technical support\" \/>\n<meta name=\"robots\" content=\"index, follow, max-snippet:-1, max-image-preview:large, max-video-preview:-1\" \/>\n<link rel=\"canonical\" href=\"https:\/\/b-kaind.com\/area-clientes\/\" \/>\n<meta property=\"og:locale\" content=\"en_US\" \/>\n<meta property=\"og:type\" content=\"article\" \/>\n<meta property=\"og:title\" content=\"Client Login - B-Kaind\" \/>\n<meta property=\"og:description\" content=\"Access the B-kaind Client Area. Document management | Employee portal | Subsidies portal | Technical support\" \/>\n<meta property=\"og:url\" content=\"https:\/\/b-kaind.com\/area-clientes\/\" \/>\n<meta property=\"og:site_name\" content=\"B-Kaind\" \/>\n<meta property=\"article:modified_time\" content=\"2025-07-24T10:07:47+00:00\" \/>\n<meta property=\"og:image\" content=\"https:\/\/b-kaind.com\/wp-content\/uploads\/2024\/07\/Logo-2-1.png\" \/>\n<meta name=\"twitter:card\" content=\"summary_large_image\" \/>\n<meta name=\"twitter:label1\" content=\"Est. reading time\" \/>\n\t<meta name=\"twitter:data1\" content=\"2 minutes\" \/>\n<script type=\"application\/ld+json\" class=\"yoast-schema-graph\">{\"@context\":\"https:\/\/schema.org\",\"@graph\":[{\"@type\":\"WebPage\",\"@id\":\"https:\/\/b-kaind.com\/area-clientes\/\",\"url\":\"https:\/\/b-kaind.com\/area-clientes\/\",\"name\":\"Client Login - B-Kaind\",\"isPartOf\":{\"@id\":\"https:\/\/b-kaind.com\/#website\"},\"primaryImageOfPage\":{\"@id\":\"https:\/\/b-kaind.com\/area-clientes\/#primaryimage\"},\"image\":{\"@id\":\"https:\/\/b-kaind.com\/area-clientes\/#primaryimage\"},\"thumbnailUrl\":\"https:\/\/b-kaind.com\/wp-content\/uploads\/2024\/07\/Logo-2-1.png\",\"datePublished\":\"2022-12-14T00:15:39+00:00\",\"dateModified\":\"2025-07-24T10:07:47+00:00\",\"description\":\"Access the B-kaind Client Area. Document management | Employee portal | Subsidies portal | Technical support\",\"breadcrumb\":{\"@id\":\"https:\/\/b-kaind.com\/area-clientes\/#breadcrumb\"},\"inLanguage\":\"en-US\",\"potentialAction\":[{\"@type\":\"ReadAction\",\"target\":[\"https:\/\/b-kaind.com\/area-clientes\/\"]}]},{\"@type\":\"ImageObject\",\"inLanguage\":\"en-US\",\"@id\":\"https:\/\/b-kaind.com\/area-clientes\/#primaryimage\",\"url\":\"https:\/\/b-kaind.com\/wp-content\/uploads\/2024\/07\/Logo-2-1.png\",\"contentUrl\":\"https:\/\/b-kaind.com\/wp-content\/uploads\/2024\/07\/Logo-2-1.png\"},{\"@type\":\"BreadcrumbList\",\"@id\":\"https:\/\/b-kaind.com\/area-clientes\/#breadcrumb\",\"itemListElement\":[{\"@type\":\"ListItem\",\"position\":1,\"name\":\"Portada\",\"item\":\"https:\/\/b-kaind.com\/en\/\"},{\"@type\":\"ListItem\",\"position\":2,\"name\":\"Client Login\"}]},{\"@type\":\"WebSite\",\"@id\":\"https:\/\/b-kaind.com\/#website\",\"url\":\"https:\/\/b-kaind.com\/\",\"name\":\"b-kaind\",\"description\":\"Asesor\u00eda integral para el \u00e9xito empresarial. En b-kaind, crecemos con tu negocio.\",\"alternateName\":\"b kaind\",\"potentialAction\":[{\"@type\":\"SearchAction\",\"target\":{\"@type\":\"EntryPoint\",\"urlTemplate\":\"https:\/\/b-kaind.com\/?s={search_term_string}\"},\"query-input\":\"required name=search_term_string\"}],\"inLanguage\":\"en-US\"}]}<\/script>\n<!-- \/ Yoast SEO plugin. -->","yoast_head_json":{"title":"Client Login - B-Kaind","description":"Access the B-kaind Client Area. Document management | Employee portal | Subsidies portal | Technical support","robots":{"index":"index","follow":"follow","max-snippet":"max-snippet:-1","max-image-preview":"max-image-preview:large","max-video-preview":"max-video-preview:-1"},"canonical":"https:\/\/b-kaind.com\/area-clientes\/","og_locale":"en_US","og_type":"article","og_title":"Client Login - B-Kaind","og_description":"Access the B-kaind Client Area. Document management | Employee portal | Subsidies portal | Technical support","og_url":"https:\/\/b-kaind.com\/area-clientes\/","og_site_name":"B-Kaind","article_modified_time":"2025-07-24T10:07:47+00:00","og_image":[{"url":"https:\/\/b-kaind.com\/wp-content\/uploads\/2024\/07\/Logo-2-1.png"}],"twitter_card":"summary_large_image","twitter_misc":{"Est. reading time":"2 minutes"},"schema":{"@context":"https:\/\/schema.org","@graph":[{"@type":"WebPage","@id":"https:\/\/b-kaind.com\/area-clientes\/","url":"https:\/\/b-kaind.com\/area-clientes\/","name":"Client Login - B-Kaind","isPartOf":{"@id":"https:\/\/b-kaind.com\/#website"},"primaryImageOfPage":{"@id":"https:\/\/b-kaind.com\/area-clientes\/#primaryimage"},"image":{"@id":"https:\/\/b-kaind.com\/area-clientes\/#primaryimage"},"thumbnailUrl":"https:\/\/b-kaind.com\/wp-content\/uploads\/2024\/07\/Logo-2-1.png","datePublished":"2022-12-14T00:15:39+00:00","dateModified":"2025-07-24T10:07:47+00:00","description":"Access the B-kaind Client Area. Document management | Employee portal | Subsidies portal | Technical support","breadcrumb":{"@id":"https:\/\/b-kaind.com\/area-clientes\/#breadcrumb"},"inLanguage":"en-US","potentialAction":[{"@type":"ReadAction","target":["https:\/\/b-kaind.com\/area-clientes\/"]}]},{"@type":"ImageObject","inLanguage":"en-US","@id":"https:\/\/b-kaind.com\/area-clientes\/#primaryimage","url":"https:\/\/b-kaind.com\/wp-content\/uploads\/2024\/07\/Logo-2-1.png","contentUrl":"https:\/\/b-kaind.com\/wp-content\/uploads\/2024\/07\/Logo-2-1.png"},{"@type":"BreadcrumbList","@id":"https:\/\/b-kaind.com\/area-clientes\/#breadcrumb","itemListElement":[{"@type":"ListItem","position":1,"name":"Portada","item":"https:\/\/b-kaind.com\/en\/"},{"@type":"ListItem","position":2,"name":"Client Login"}]},{"@type":"WebSite","@id":"https:\/\/b-kaind.com\/#website","url":"https:\/\/b-kaind.com\/","name":"b-kaind","description":"Asesor\u00eda integral para el \u00e9xito empresarial. En b-kaind, crecemos con tu negocio.","alternateName":"b kaind","potentialAction":[{"@type":"SearchAction","target":{"@type":"EntryPoint","urlTemplate":"https:\/\/b-kaind.com\/?s={search_term_string}"},"query-input":"required name=search_term_string"}],"inLanguage":"en-US"}]}},"_links":{"self":[{"href":"https:\/\/b-kaind.com\/en\/wp-json\/wp\/v2\/pages\/13332"}],"collection":[{"href":"https:\/\/b-kaind.com\/en\/wp-json\/wp\/v2\/pages"}],"about":[{"href":"https:\/\/b-kaind.com\/en\/wp-json\/wp\/v2\/types\/page"}],"author":[{"embeddable":true,"href":"https:\/\/b-kaind.com\/en\/wp-json\/wp\/v2\/users\/1"}],"replies":[{"embeddable":true,"href":"https:\/\/b-kaind.com\/en\/wp-json\/wp\/v2\/comments?post=13332"}],"version-history":[{"count":7,"href":"https:\/\/b-kaind.com\/en\/wp-json\/wp\/v2\/pages\/13332\/revisions"}],"predecessor-version":[{"id":13377,"href":"https:\/\/b-kaind.com\/en\/wp-json\/wp\/v2\/pages\/13332\/revisions\/13377"}],"wp:attachment":[{"href":"https:\/\/b-kaind.com\/en\/wp-json\/wp\/v2\/media?parent=13332"}],"curies":[{"name":"wp","href":"https:\/\/api.w.org\/{rel}","templated":true}]}}